{"id":7322,"date":"2022-08-01T18:23:45","date_gmt":"2022-08-01T16:23:45","guid":{"rendered":"http:\/\/ginys.cerca.cat\/politica-de-privacitat-i-avis-legal\/"},"modified":"2025-01-08T12:47:49","modified_gmt":"2025-01-08T11:47:49","slug":"politica-de-privacidad-y-aviso-legal","status":"publish","type":"page","link":"https:\/\/ginys.cerca.cat\/es\/politica-de-privacidad-y-aviso-legal\/","title":{"rendered":"Pol\u00edtica de privacidad y aviso legal"},"content":{"rendered":"<p>&nbsp;<\/p>\n<p>La Fundaci\u00f3 Instituci\u00f3 dels Centres de Recerca de Catalunya (I-CERCA) se constituy\u00f3 el 16 de julio de 2010. Est\u00e1 inscrita en el Registro de Fundaciones del Gobierno de Catalu\u00f1a con el n\u00famero 2648.<\/p>\n<p>A la I-CERCA le es de aplicaci\u00f3n lo que prev\u00e9 la Ley 4\/2008, de 24 de abril, del libro tercero del C\u00f3digo civil de Catalu\u00f1a, relativa a las personas jur\u00eddicas; se sujeta a la legislaci\u00f3n del Gobierno de Catalu\u00f1a y al resto de normas legales y reglamentarias que sean de aplicaci\u00f3n a este tipo de Fundaci\u00f3n, y de forma especial, a sus estatutos.<\/p>\n<p>La finalidad de este aviso legal es establecer los principios y condiciones del acceso y uso por parte de los usuarios al sitio web y los contenidos de la Instituci\u00f3 CERCA.<\/p>\n<p>Los contenidos facilitados en la web son gestionados y elaborados por I-CERCA, salvo en las informaciones procedentes de fuentes externas al mismo sitio web, sobre las que se har\u00e1 constar la procedencia, el medio o cualquier otra informaci\u00f3n relativa a su origen. En estos casos, I-CERCA no se hace responsable de la inexactitud o falta de actualizaci\u00f3n de la informaci\u00f3n de estas fuentes externas, dado que su responsabilidad se establece \u00fanicamente en relaci\u00f3n con aquellos contenidos que provienen de fuentes propias y debidamente identificadas con su copyright. I-CERCA tampoco se hace responsable de tener su web actualizada en todo momento, aunque har\u00e1 lo posible para que as\u00ed sea.<\/p>\n<p>I-CERCA se reserva la facultad de efectuar, en cualquier momento y sin previo aviso, modificaciones de la informaci\u00f3n contenida en su web o en su configuraci\u00f3n o presentaci\u00f3n.<\/p>\n<p>Al acceder a esta web se acepta que I-CERCA no ser\u00e1 responsable de ninguna consecuencia, da\u00f1o o perjuicio que pueda derivarse de dicho acceso o uso de la informaci\u00f3n de esta web o por el acceso a otras materias a Internet a trav\u00e9s de las conexiones con esta web. En cualquier caso, I-CERCA no asume responsabilidades de las informaciones y contenidos ajenos a los sitios web que no gestione, a los que se pueda acceder a trav\u00e9s de enlaces a partir de esta p\u00e1gina.<\/p>\n<p>I-CERCA no se hace responsable de las informaciones, opiniones y conceptos que sean emitidos, publicados o distribuidos a trav\u00e9s del sitio web, cualquier otro sitio web interconectado al que se acceda a trav\u00e9s del sitio web mediante enlaces o cualquiera de los servicios que se vinculen o relacionen en este sitio web interconectado.<\/p>\n<p>S\u00f3lo est\u00e1 autorizado el uso personal no comercial. No est\u00e1 permitida la modificaci\u00f3n de la web ni de sus contenidos. I-CERCA no se responsabiliza del mal uso que se haga de los contenidos del sitio web, que ser\u00e1 responsabilidad exclusiva de la persona que acceda a ellos y los utilice.<\/p>\n<p>I-CERCA no se hace responsable de los da\u00f1os y perjuicios de cualquier naturaleza que puedan derivarse de disponibilidad y continuidad t\u00e9cnica del funcionamiento del sitio web. En cualquier caso, llevar\u00e1 a cabo todas las actuaciones necesarias para restablecer sus servicios en caso de problemas t\u00e9cnicos.<\/p>\n<p>Todos los derechos no concedidos expresamente al usuario se entienden reservados a favor de I-CERCA.<\/p>\n<p>&nbsp;<\/p>\n<p><strong>Protecci\u00f3n de datos<\/strong><\/p>\n<p>Para ejercer los derechos de acceso, rectificaci\u00f3n, supresi\u00f3n, oposici\u00f3n al tratamiento, portabilidad de los datos y solicitud de limitaci\u00f3n, y para cualquier cuesti\u00f3n relacionada con el tratamiento que la I-CERCA hace de sus datos, puede ponerse en contacto con el responsable de tratamiento de datos mediante un escrito o un mensaje de correo electr\u00f3nico.<\/p>\n<p>&nbsp;<\/p>\n<p><strong>Identidad del responsable de protecci\u00f3n de datos:<\/strong><\/p>\n<p>I-CERCA<\/p>\n<p>NIF G65325532<\/p>\n<p>V\u00eda Laietana, 2, 08003, Barcelona<\/p>\n<p>T. 935 526 931<\/p>\n<p>institucio.cerca @ gencat.cat<\/p>\n<p>&nbsp;<\/p>\n<p><strong>Delegado de protecci\u00f3n de datos:<\/strong><\/p>\n<p>dpd.recercaiuniversitats @ gencat.cat<\/p>\n<p>&nbsp;<\/p>\n<h4><strong>Informaci\u00f3n sobre el tratamiento de las partes sujetas al convenio para consolidar, desarrollar, dar continuidad y regular las actuaciones en infraestructuras cient\u00edfico-tecnol\u00f3gicas del sistema CERCA y continuar con el desarrollo y gesti\u00f3n de la plataforma de acceso a las mismas, CERCA-GINYS.<\/strong><\/h4>\n<p><strong>1. Protecci\u00f3n de datos<\/strong><\/p>\n<details>\n<summary>1.1. Cumplimiento de la normativa de protecci\u00f3n de datos<\/summary>\n<p>Las partes se obligan a cumplir todas las obligaciones derivadas del Reglamento (UE) 2016\/679 del Parlamento Europeo y del Consejo, de 27 de abril de 2016, relativo a la protecci\u00f3n de las personas f\u00edsicas en lo que respecta al tratamiento de sus datos personales y a la libre circulaci\u00f3n de estos datos (en adelante, RGPD), de la Ley org\u00e1nica 3\/2018, de 5 de diciembre, de protecci\u00f3n de datos de car\u00e1cter personal y garant\u00eda de los derechos digitales (en adelante, LOPDGDD), as\u00ed como de la legislaci\u00f3n complementaria y que pueda substituirlas en materia de protecci\u00f3n de datos personales, para la aplicaci\u00f3n de este Convenio. Igualmente, se comprometen a colaborar entre s\u00ed para facilitar el complimiento. <\/p>\n<p>En este sentido, el r\u00e9gimen de responsabilidad de las partes en los tratamientos de datos personales derivadas de la ejecuci\u00f3n de este Convenio se establece de la siguiente manera:<\/p>\n<p>1) ICERCA es el \u00f3rgano responsable, a t\u00edtulo individual, de los tratamientos de datos personales necesarios para el cumplimento de las obligaciones establecidas en la cl\u00e1usula 2.1 de este Convenio. <\/p>\n<p>2) Cada centro CERCA firmante de este Convenio ser\u00e1 el \u00f3rgano responsable, a t\u00edtulo individual, de los tratamientos de datos personales que llevan a cabo para el cumplimiento de las obligaciones establecidas en la cl\u00e1usula 2.2 de este Convenio.<\/p>\n<p>3) ICERCA es el \u00f3rgano responsable de los tratamientos de datos personales necesarios para el cumplimento de las obligaciones establecidas en la cl\u00e1usula 12 de este Convenio.<\/p>\n<p>Respecto estos tratamientos de datos se\u00f1alados como 1) 2) y 3), cada responsable de tratamiento a t\u00edtulo individual, deber\u00e1 cumplir con todas las obligaciones impuestas por el RGPD y la LOPDGDD, entre ellas, el deber de informaci\u00f3n establecido en los arts.13 y 14 del RGPD as\u00ed como el ejercicio de les derechos de las personas y las medidas de seguridad adecuadas de conformidad con el Esquema Nacional de Seguridad.<br \/>\n<\/details>\n<details>\n<summary>1.2. Datos de las personas firmantes y contacto de los delegados de protecci\u00f3n de datos.<\/summary>\n<p>Los datos de las personas firmantes, as\u00ed como de las personas de contacto que se recojan en este Convenio, ser\u00e1n tratados por cada una de las partes que lo suscriben, como responsables del tratamiento, con la \u00fanica finalidad de permitir el desarrollo, gesti\u00f3n, cumplimiento, seguimiento y control del convenio, siendo la misi\u00f3n realizada en inter\u00e9s p\u00fablico la base legitimadora del tratamiento de acuerdo con el art\u00edculo 6.1.e) del RGPD. Los datos identificativos de los firmantes se publicar\u00e1n en el registro de convenios de colaboraci\u00f3n y cooperaci\u00f3n.<\/p>\n<p>Las personas titulares de los datos tienen derecho a acceder, solicitar su rectificaci\u00f3n, supresi\u00f3n, oposici\u00f3n o limitaci\u00f3n, mediante escrito dirigido al responsable del tratamiento, cuyas direcciones son TODAS LAS DEL ENCABEZAMIENTO DEL CONVENIO.<\/p>\n<p>Si consideran que el tratamiento de sus datos vulnera la normativa sobre protecci\u00f3n de datos, pueden presentar una reclamaci\u00f3n previa ante el delegado de protecci\u00f3n de datos, o bien, una reclamaci\u00f3n ante la Autoridad Catalana de Protecci\u00f3n de Datos.<\/p>\n<p>Los datos de contacto de los delegados de protecci\u00f3n de datos de las partes firmantes son los siguientes:<\/p>\n<table style=\"width:100%\">\n<tr>\n<th>Acr\u00f3nimo<\/th>\n<th style=\"width:40%\">Nombre del centro<\/th>\n<th>Contacto<\/th>\n<\/tr>\n<tr>\n<td>AGROTECNIO<\/td>\n<td>AGROTECNIO (Fundaci\u00f3 UdL-IRTA)<\/td>\n<td>agrotecnio@udl.cat<\/td>\n<\/tr>\n<tr>\n<td>CED<\/td>\n<td>Centre d&#8217;Estudis Demogr\u00e0fics<\/td>\n<td>personaldata@ced.uab.es<\/td>\n<\/tr>\n<tr>\n<td>CIMNE<\/td>\n<td>Centre Internacional de M\u00e8todes Num\u00e8rics en Enginyeria<\/td>\n<td>dpd.territori@gencat.cat <\/td>\n<\/tr>\n<tr>\n<td>CRAG<\/td>\n<td>Centre de Recerca en Agrigen\u00f2mica<\/td>\n<td>dpd@cragenomica.es<\/td>\n<\/tr>\n<tr>\n<td>CREAF<\/td>\n<td>Centre de Recerca Ecol\u00f2gica i Aplicacions Forestals<\/td>\n<td>dpo@creaf.uab.cat<\/td>\n<\/tr>\n<tr>\n<td>CRG<\/td>\n<td>Centre de Regulaci\u00f3 Gen\u00f2mica<\/td>\n<td>dpo@crg.eu<\/td>\n<\/tr>\n<tr>\n<td>CRM<\/td>\n<td>Centre de Recerca Matem\u00e0tica<\/td>\n<td>dpd@crm.cat<\/td>\n<\/tr>\n<tr>\n<td>CTFC<\/td>\n<td>Centre Tecnol\u00f2gic Forestal de Catalunya<\/td>\n<td>dpd@ctfc.cat<\/td>\n<\/tr>\n<tr>\n<td>CTTC<\/td>\n<td>Centre Tecnol\u00f2gic de Telecomunicacions de Catalunya<\/td>\n<td>dpo@cttc.cat<\/td>\n<\/tr>\n<tr>\n<td>CVC<\/td>\n<td>Centre de Visi\u00f3 per Computador<\/td>\n<td>dpd@cvc.uab.es<\/td>\n<\/tr>\n<tr>\n<td>I2CAT<\/td>\n<td>Internet i Innovaci\u00f3 Digital a Catalunya<\/td>\n<td>rgpd@i2cat.net<\/td>\n<\/tr>\n<tr>\n<td>I3PT<\/td>\n<td>Institut d&#8217;Investigaci\u00f3 i Innovaci\u00f3 Parc Taul\u00ed<\/td>\n<td>dpd@ticsalutsocial.cat<\/td>\n<\/tr>\n<tr>\n<td>IBEC<\/td>\n<td>Institut de Bioenginyeria de Catalunya<\/td>\n<td>dataprotection@ibecbarcelona.eu<\/td>\n<\/tr>\n<tr>\n<td>IBEI<\/td>\n<td>Institut Barcelona d&#8217;Estudis Internacionals<\/td>\n<td>dades@ibei.org<\/td>\n<\/tr>\n<tr>\n<td>ICAC<\/td>\n<td>Institut Catal\u00e0 d&#8217;Arqueologia Cl\u00e0ssica<\/td>\n<td>delegatpd@icac.cat<\/td>\n<\/tr>\n<tr>\n<td>ICFO<\/td>\n<td>Institut de Ci\u00e8ncies Fot\u00f2niques<\/td>\n<td>dataprotection@icfo.eu<\/td>\n<\/tr>\n<tr>\n<td>ICIQ<\/td>\n<td>Institut Catal\u00e0 d&#8217;Investigaci\u00f3 Qu\u00edmica<\/td>\n<td>lopd@iciq.es<\/td>\n<\/tr>\n<tr>\n<td>ICN2<\/td>\n<td>Institut Catal\u00e0 de Nanotecnologia<\/td>\n<td>dpd@icn2.cat<\/td>\n<\/tr>\n<tr>\n<td>ICP<\/td>\n<td>Institut Catal\u00e0 de Paleontologia<\/td>\n<td>transparencia@icp.cat<\/td>\n<\/tr>\n<tr>\n<td>ICRA<\/td>\n<td>Institut Catal\u00e0 de Recerca de l&#8217;Aigua<\/td>\n<td>dpd.recercaiuniversitats@gencat.cat<\/td>\n<\/tr>\n<tr>\n<td>ICRPC<\/td>\n<td>Institut Catal\u00e0 de Recerca en Patrimoni Cultural<\/td>\n<td>dpd.recercaiuniversitats@gencat.cat<\/td>\n<\/tr>\n<tr>\n<td>IDIBAPS<\/td>\n<td>Institut d&#8217;investigacions Biom\u00e8diques August Pi i Sunyer<\/td>\n<td>protecciodades@recerca.clinic.cat<\/td>\n<\/tr>\n<tr>\n<td>IDIBELL<\/td>\n<td>Institut d&#8217;Investigaci\u00f3 Biom\u00e8dica de Bellvitge<\/td>\n<td>dataprotection@idibell.cat<\/td>\n<\/tr>\n<tr>\n<td>IDIBGI<\/td>\n<td>Institut d&#8217;Investigaci\u00f3 Biom\u00e8dica de Girona<\/td>\n<td>protecciodades@idibgi.org<\/td>\n<\/tr>\n<tr>\n<td>IEEC<\/td>\n<td>Institut d&#8217;Estudis Espacials de Catalunya<\/td>\n<td>dpd.recercaiuniversitats@gencat.cat<\/td>\n<\/tr>\n<tr>\n<td>IFAE<\/td>\n<td>Institut de F\u00edsica d&#8217;Altes Energies<\/td>\n<td>dpo@ifae.es<\/td>\n<\/tr>\n<tr>\n<td>IGTP<\/td>\n<td>Institut d&#8217;Investigaci\u00f3 en Ci\u00e8ncies de La Salut Germans Trias i Pujol<\/td>\n<td>dpd@ticsalutsocial.cat<\/td>\n<\/tr>\n<tr>\n<td>IISPV<\/td>\n<td>Institut d&#8217;Investigaci\u00f3 Sanit\u00e0ria Pere Virgili<\/td>\n<td>dpd@iispv.cat<\/td>\n<\/tr>\n<tr>\n<td>IMIM-Mar<\/td>\n<td>Institut Municipal d&#8217;Investigaci\u00f3 M\u00e8dica &#8211; Hospital del Mar<\/td>\n<td>protecciodedades@researchmar.net<\/td>\n<\/tr>\n<tr>\n<td>IPHES<\/td>\n<td>Institut Catal\u00e0 de Paleoecologia Humana i Evoluci\u00f3 Social<\/td>\n<td>dpd.recercaiuniversitats@gencat.cat<\/td>\n<\/tr>\n<tr>\n<td>IRB Barcelona<\/td>\n<td>Institut de Recerca Biom\u00e8dica de Barcelona<\/td>\n<td>dataprotection@irbbarcelona.org<\/td>\n<\/tr>\n<tr>\n<td>IRB Lleida<\/td>\n<td>Institut de Recerca Biom\u00e8dica de Lleida<\/td>\n<td>dpd@ticsalutsocial.cat<\/td>\n<\/tr>\n<tr>\n<td>IREC<\/td>\n<td>Institut de Recerca en Energia de Catalunya<\/td>\n<td>dpo@irec.cat<\/td>\n<\/tr>\n<tr>\n<td>IR-HSCSP<\/td>\n<td>Institut de Recerca de l&#8217;Hospital de La Santa Creu i de Sant Pau<\/td>\n<td>dpo_ir@santpau.cat<\/td>\n<\/tr>\n<tr>\n<td>IRJC<\/td>\n<td>Institut de Recerca contra la Leuc\u00e8mia Josep Carreras<\/td>\n<td>dpd@carrerasresearch.org<\/td>\n<\/tr>\n<tr>\n<td>IRSICAIXA<\/td>\n<td>Institut de Recerca de la Sida<\/td>\n<td>dpo@irsicaixa.com<\/td>\n<\/tr>\n<tr>\n<td>IRSJD<\/td>\n<td>Institut de Recerca Sant Joan de D\u00e9u<\/td>\n<td>dpd.fsjd@sjd.es<\/td>\n<\/tr>\n<tr>\n<td>IRTA<\/td>\n<td>Institut de Recerca i Tecnologia Agroaliment\u00e0ries<\/td>\n<td>dpo@irta.cat<\/td>\n<\/tr>\n<tr>\n<td>ISGLOBAL<\/td>\n<td>Institut de Salut Global<\/td>\n<td>lopd@isglobal.org<\/td>\n<\/tr>\n<tr>\n<td>VHIO<\/td>\n<td>Vall d\u2019Hebron Institut d\u2019Oncologia<\/td>\n<td>dpd.cliente@conversia.es<\/td>\n<\/tr>\n<tr>\n<td>VHIR<\/td>\n<td>Vall d&#8217;Hebron Institut de Recerca<\/td>\n<td>dpd@ticsalutsocial.cat<\/td>\n<\/tr>\n<\/table>\n<\/details>\n","protected":false},"excerpt":{"rendered":"<p>&nbsp; La Fundaci\u00f3 Instituci\u00f3 dels Centres de Recerca de Catalunya (I-CERCA) se constituy\u00f3 el 16 de julio de 2010. Est\u00e1 inscrita en el Registro de Fundaciones del Gobierno de Catalu\u00f1a [&hellip;]<\/p>\n","protected":false},"author":1,"featured_media":0,"parent":0,"menu_order":0,"comment_status":"closed","ping_status":"closed","template":"","meta":{"_acf_changed":false,"footnotes":""},"class_list":["post-7322","page","type-page","status-publish","hentry"],"acf":[],"_links":{"self":[{"href":"https:\/\/ginys.cerca.cat\/es\/wp-json\/wp\/v2\/pages\/7322","targetHints":{"allow":["GET"]}}],"collection":[{"href":"https:\/\/ginys.cerca.cat\/es\/wp-json\/wp\/v2\/pages"}],"about":[{"href":"https:\/\/ginys.cerca.cat\/es\/wp-json\/wp\/v2\/types\/page"}],"author":[{"embeddable":true,"href":"https:\/\/ginys.cerca.cat\/es\/wp-json\/wp\/v2\/users\/1"}],"replies":[{"embeddable":true,"href":"https:\/\/ginys.cerca.cat\/es\/wp-json\/wp\/v2\/comments?post=7322"}],"version-history":[{"count":5,"href":"https:\/\/ginys.cerca.cat\/es\/wp-json\/wp\/v2\/pages\/7322\/revisions"}],"predecessor-version":[{"id":13347,"href":"https:\/\/ginys.cerca.cat\/es\/wp-json\/wp\/v2\/pages\/7322\/revisions\/13347"}],"wp:attachment":[{"href":"https:\/\/ginys.cerca.cat\/es\/wp-json\/wp\/v2\/media?parent=7322"}],"curies":[{"name":"wp","href":"https:\/\/api.w.org\/{rel}","templated":true}]}}