{"id":7301,"date":"2022-08-01T12:07:01","date_gmt":"2022-08-01T10:07:01","guid":{"rendered":"http:\/\/ginys.cerca.cat\/politica-de-galetes\/"},"modified":"2022-08-02T19:07:04","modified_gmt":"2022-08-02T17:07:04","slug":"politica-de-cookies","status":"publish","type":"page","link":"https:\/\/ginys.cerca.cat\/es\/politica-de-cookies\/","title":{"rendered":"Pol\u00edtica de cookies"},"content":{"rendered":"<p>&nbsp;<\/p>\n<p><strong>Definici\u00f3n y funci\u00f3n de las cookies<\/strong><\/p>\n<p>Las p\u00e1ginas web de I-CERCA utilizan la tecnolog\u00eda llamada \u201ccookies\u201d (galletas) para mejorar la experiencia del usuario. Tambi\u00e9n lo hacen con finalidad anal\u00edtica para conocer los h\u00e1bitos de navegaci\u00f3n en las propias webs. As\u00ed pues, I-CERCA puede, entre otros, contabilizar el n\u00famero de visitas realizadas a cada p\u00e1gina web o recordar el idioma seleccionado por el usuario.<\/p>\n<p><strong>\u00bfQu\u00e9 son las galletas?<\/strong><\/p>\n<p>Una cookie es un peque\u00f1o fragmento de texto que los sitios web env\u00edan al navegador y que se almacenan en el terminal del usuario, ya sea un ordenador personal, un tel\u00e9fono m\u00f3vil, una tableta, etc. Estos archivos permiten que el sitio web recuerde informaci\u00f3n sobre su visita, como el idioma y las opciones preferidas, lo que puede facilitar su pr\u00f3xima visita y hacer que el sitio resulte m\u00e1s \u00fatil al personalizar su contenido. Las cookies desempe\u00f1an un papel muy importante al mejorar la experiencia del uso de la p\u00e1gina web.<\/p>\n<p><strong>\u00bfQu\u00e9 tipolog\u00eda de cookies utiliza esta p\u00e1gina web?<\/strong><\/p>\n<p><strong>Cookies de an\u00e1lisis<\/strong><\/p>\n<p>Son las que ya sean tratadas por nosotros o por terceros, nos permiten cuantificar el n\u00famero de usuarios, y as\u00ed realizar la medici\u00f3n y an\u00e1lisis estad\u00edstico de la utilizaci\u00f3n que realizan los usuarios del servicio ofrecido. Por eso, se analiza su navegaci\u00f3n en nuestra p\u00e1gina web con el fin de mejorar la oferta de productos o servicios que le ofrecemos.<\/p>\n<p><strong>\u00bfC\u00f3mo administrar cookies en su navegador?<\/strong><\/p>\n<p>El usuario tiene la opci\u00f3n de permitir, bloquear o eliminar las cookies instaladas en su equipo a trav\u00e9s de la configuraci\u00f3n de las opciones del navegador instalado en su terminal.<\/p>\n<p>Puede encontrar informaci\u00f3n sobre c\u00f3mo gestionar el uso de cookies en funci\u00f3n del navegador que utilice en los siguientes enlaces:<\/p>\n<ul>\n<li>Para Firefox en <a href=\"https:\/\/support.mozilla.org\/ca\/kb\/Galetes\">https:\/\/support.mozilla.org\/ca\/kb\/Galetes<\/a><\/li>\n<li>Para Chrome en <a href=\"https:\/\/support.google.com\/chrome\/answer\/95647?hl=ca\">https:\/\/support.google.com\/chrome\/answer\/95647?hl=ca<\/a><\/li>\n<li>Para Edge en <a href=\"https:\/\/privacy.microsoft.com\/es-es\/windows-10-microsoft-edge-and-privacy\">https:\/\/privacy.microsoft.com\/es-es\/windows-10-microsoft-edge-and-privacy<\/a><\/li>\n<li>Para Safari en <a href=\"https:\/\/support.apple.com\/es-es\/guide\/safari\/sfri11471\/mac\">https:\/\/support.apple.com\/es-es\/guide\/safari\/sfri11471\/mac<\/a><\/li>\n<li>Para Safari para iOS en <a href=\"http:\/\/support.apple.com\/kb\/HT1677?viewlocale=es_ES&amp;locale=es_ES\">http:\/\/support.apple.com\/kb\/HT1677?viewlocale=es_ES&amp;locale=es_ES<\/a><\/li>\n<li>Para Opera en <a href=\"https:\/\/www.opera.com\/help\/tutorials\/security\/privacy\/\">https:\/\/www.opera.com\/help\/tutorials\/security\/privacy\/<\/a><\/li>\n<\/ul>\n<div class=\"cli_user_consent_state\">Tu estado actual: No se ha dado el consentimiento. <a class=\"cli_manage_current_consent\" style=\"cursor:pointer;text-decoration:underline;\">Gestiona tu consentimiento.<\/a> <\/div>\n","protected":false},"excerpt":{"rendered":"<p>&nbsp; Definici\u00f3n y funci\u00f3n de las cookies Las p\u00e1ginas web de I-CERCA utilizan la tecnolog\u00eda llamada \u201ccookies\u201d (galletas) para mejorar la experiencia del usuario. Tambi\u00e9n lo hacen con finalidad anal\u00edtica [&hellip;]<\/p>\n","protected":false},"author":1,"featured_media":0,"parent":0,"menu_order":0,"comment_status":"closed","ping_status":"closed","template":"","meta":{"_acf_changed":false,"footnotes":""},"class_list":["post-7301","page","type-page","status-publish","hentry"],"acf":[],"_links":{"self":[{"href":"https:\/\/ginys.cerca.cat\/es\/wp-json\/wp\/v2\/pages\/7301","targetHints":{"allow":["GET"]}}],"collection":[{"href":"https:\/\/ginys.cerca.cat\/es\/wp-json\/wp\/v2\/pages"}],"about":[{"href":"https:\/\/ginys.cerca.cat\/es\/wp-json\/wp\/v2\/types\/page"}],"author":[{"embeddable":true,"href":"https:\/\/ginys.cerca.cat\/es\/wp-json\/wp\/v2\/users\/1"}],"replies":[{"embeddable":true,"href":"https:\/\/ginys.cerca.cat\/es\/wp-json\/wp\/v2\/comments?post=7301"}],"version-history":[{"count":2,"href":"https:\/\/ginys.cerca.cat\/es\/wp-json\/wp\/v2\/pages\/7301\/revisions"}],"predecessor-version":[{"id":7310,"href":"https:\/\/ginys.cerca.cat\/es\/wp-json\/wp\/v2\/pages\/7301\/revisions\/7310"}],"wp:attachment":[{"href":"https:\/\/ginys.cerca.cat\/es\/wp-json\/wp\/v2\/media?parent=7301"}],"curies":[{"name":"wp","href":"https:\/\/api.w.org\/{rel}","templated":true}]}}