{"id":715,"date":"2022-04-10T16:17:36","date_gmt":"2022-04-10T14:17:36","guid":{"rendered":"http:\/\/ginys.cerca.cat\/facilities\/"},"modified":"2022-04-20T15:37:03","modified_gmt":"2022-04-20T13:37:03","slug":"plataformas","status":"publish","type":"page","link":"https:\/\/ginys.cerca.cat\/es\/plataformas\/","title":{"rendered":"Plataformas"},"content":{"rendered":"<div class=\"row facility-list facility-list--cards\"><div class=\"facility-card col-12 col-sm-6 col-lg-3\">\r\n                    <div class=\"facility-card__content\">\r\n                        <h2 class=\"facility-card__title\"><a class=\"facility-card__link\" href=\"https:\/\/ginys.cerca.cat\/es\/facility\/plataforma-servei-dexperimentacio-animal\/\">Plataforma servicio de experimentaci\u00f3n animal<\/a><\/h2>\r\n                        <div class=\"facility_logo-list\"><img decoding=\"async\" class=\"facility-list-img\" src=\"https:\/\/ginys.cerca.cat\/wp-content\/uploads\/2023\/10\/IRSantPau_logo.jpg\" height=\"70\"><\/div>\r\n                        <h3 class=\"facility-card__centre-title\">IRSantPau - Institut de Recerca Sant Pau<\/h3>\r\n                    <\/div>\r\n                <\/div><div class=\"facility-card col-12 col-sm-6 col-lg-3\">\r\n                    <div class=\"facility-card__content\">\r\n                        <h2 class=\"facility-card__title\"><a class=\"facility-card__link\" href=\"https:\/\/ginys.cerca.cat\/es\/facility\/models-animals\/\">Modelos animales<\/a><\/h2>\r\n                        <div class=\"facility_logo-list\"><img decoding=\"async\" class=\"facility-list-img\" src=\"https:\/\/ginys.cerca.cat\/wp-content\/uploads\/2022\/05\/logo-igtp.jpg\" height=\"70\"><\/div>\r\n                        <h3 class=\"facility-card__centre-title\">IGTP - Institut d&#039;Investigaci\u00f3 en Ci\u00e8ncies de la Salut Germans Trias i Pujol<\/h3>\r\n                    <\/div>\r\n                <\/div><div class=\"facility-card col-12 col-sm-6 col-lg-3\">\r\n                    <div class=\"facility-card__content\">\r\n                        <h2 class=\"facility-card__title\"><a class=\"facility-card__link\" href=\"https:\/\/ginys.cerca.cat\/es\/facility\/servicio-integral-de-analisis-de-alimentos\/\">Servicio integral de an\u00e1lisis de alimentos<\/a><\/h2>\r\n                        <div class=\"facility_logo-list\"><img decoding=\"async\" class=\"facility-list-img\" src=\"https:\/\/ginys.cerca.cat\/wp-content\/uploads\/2023\/10\/Agrotecnio_logo.jpg\" height=\"70\"><\/div>\r\n                        <h3 class=\"facility-card__centre-title\">AGROTECNIO - Centre de Recerca en Agrotecnologia<\/h3>\r\n                    <\/div>\r\n                <\/div><div class=\"facility-card col-12 col-sm-6 col-lg-3\">\r\n                    <div class=\"facility-card__content\">\r\n                        <h2 class=\"facility-card__title\"><a class=\"facility-card__link\" href=\"https:\/\/ginys.cerca.cat\/es\/facility\/luminex-magpix\/\">Luminex MagPix<\/a><\/h2>\r\n                        <div class=\"facility_logo-list\"><img decoding=\"async\" class=\"facility-list-img\" src=\"https:\/\/ginys.cerca.cat\/wp-content\/uploads\/2023\/10\/IDIBGI_logo.jpg\" height=\"70\"><\/div>\r\n                        <h3 class=\"facility-card__centre-title\">IDIBGI - Institut d&#039;Investigaci\u00f3 Biom\u00e8dica de Girona Dr. Josep Trueta<\/h3>\r\n                    <\/div>\r\n                <\/div><div class=\"facility-card col-12 col-sm-6 col-lg-3\">\r\n                    <div class=\"facility-card__content\">\r\n                        <h2 class=\"facility-card__title\"><a class=\"facility-card__link\" href=\"https:\/\/ginys.cerca.cat\/es\/facility\/microscopia-convencional\/\">Microscop\u00eda convencional<\/a><\/h2>\r\n                        <div class=\"facility_logo-list\"><img decoding=\"async\" class=\"facility-list-img\" src=\"https:\/\/ginys.cerca.cat\/wp-content\/uploads\/2023\/10\/IMIM_logo.jpg\" height=\"70\"><\/div>\r\n                        <h3 class=\"facility-card__centre-title\">IMIM - Institut Hospital del Mar d&#039;Investigacions M\u00e8diques<\/h3>\r\n                    <\/div>\r\n                <\/div><div class=\"facility-card col-12 col-sm-6 col-lg-3\">\r\n                    <div class=\"facility-card__content\">\r\n                        <h2 class=\"facility-card__title\"><a class=\"facility-card__link\" href=\"https:\/\/ginys.cerca.cat\/es\/facility\/plataforma-despectroscopia-de-fotoemissio-xpsups\/\">Plataforma de espectroscopia de fotoemisi\u00f3n (XPS&#038;UPS)<\/a><\/h2>\r\n                        <div class=\"facility_logo-list\"><img decoding=\"async\" class=\"facility-list-img\" src=\"https:\/\/ginys.cerca.cat\/wp-content\/uploads\/2023\/10\/ICN2_logo.jpg\" height=\"70\"><\/div>\r\n                        <h3 class=\"facility-card__centre-title\">ICN2 - Institut Catal\u00e0 de Nanoci\u00e8ncia i Nanotecnologia<\/h3>\r\n                    <\/div>\r\n                <\/div><div class=\"facility-card col-12 col-sm-6 col-lg-3\">\r\n                    <div class=\"facility-card__content\">\r\n                        <h2 class=\"facility-card__title\"><a class=\"facility-card__link\" href=\"https:\/\/ginys.cerca.cat\/es\/facility\/laboratori-biomassa\/\">Laboratorio de biomasa<\/a><\/h2>\r\n                        <div class=\"facility_logo-list\"><img decoding=\"async\" class=\"facility-list-img\" src=\"https:\/\/ginys.cerca.cat\/wp-content\/uploads\/2022\/05\/logo-ctfc.jpg\" height=\"70\"><\/div>\r\n                        <h3 class=\"facility-card__centre-title\">CTFC - Centre de Ci\u00e8ncia i Tecnologia Forestal de Catalunya<\/h3>\r\n                    <\/div>\r\n                <\/div><div class=\"facility-card col-12 col-sm-6 col-lg-3\">\r\n                    <div class=\"facility-card__content\">\r\n                        <h2 class=\"facility-card__title\"><a class=\"facility-card__link\" href=\"https:\/\/ginys.cerca.cat\/es\/facility\/genomica-traslacional\/\">Gen\u00f3mica traslacional<\/a><\/h2>\r\n                        <div class=\"facility_logo-list\"><img decoding=\"async\" class=\"facility-list-img\" src=\"https:\/\/ginys.cerca.cat\/wp-content\/uploads\/2022\/05\/logo-igtp.jpg\" height=\"70\"><\/div>\r\n                        <h3 class=\"facility-card__centre-title\">IGTP - Institut d&#039;Investigaci\u00f3 en Ci\u00e8ncies de la Salut Germans Trias i Pujol<\/h3>\r\n                    <\/div>\r\n                <\/div><div class=\"facility-card col-12 col-sm-6 col-lg-3\">\r\n                    <div class=\"facility-card__content\">\r\n                        <h2 class=\"facility-card__title\"><a class=\"facility-card__link\" href=\"https:\/\/ginys.cerca.cat\/es\/facility\/bbl-laboratori-de-biologia-basica\/\">BBL &#8211; Laboratorio de biolog\u00eda b\u00e1sica<\/a><\/h2>\r\n                        <div class=\"facility_logo-list\"><img decoding=\"async\" class=\"facility-list-img\" src=\"https:\/\/ginys.cerca.cat\/wp-content\/uploads\/2022\/04\/logo-icfo.jpg\" height=\"70\"><\/div>\r\n                        <h3 class=\"facility-card__centre-title\">ICFO - Institut de Ci\u00e8ncies Fot\u00f2niques<\/h3>\r\n                    <\/div>\r\n                <\/div><div class=\"facility-card col-12 col-sm-6 col-lg-3\">\r\n                    <div class=\"facility-card__content\">\r\n                        <h2 class=\"facility-card__title\"><a class=\"facility-card__link\" href=\"https:\/\/ginys.cerca.cat\/es\/facility\/taller-mecanic-2\/\">Taller mec\u00e1nico<\/a><\/h2>\r\n                        <div class=\"facility_logo-list\"><img decoding=\"async\" class=\"facility-list-img\" src=\"https:\/\/ginys.cerca.cat\/wp-content\/uploads\/2022\/05\/logo-iciq.jpg\" height=\"70\"><\/div>\r\n                        <h3 class=\"facility-card__centre-title\">ICIQ - Institut Catal\u00e0 d&#039;Investigaci\u00f3 Qu\u00edmica<\/h3>\r\n                    <\/div>\r\n                <\/div><div class=\"facility-card col-12 col-sm-6 col-lg-3\">\r\n                    <div class=\"facility-card__content\">\r\n                        <h2 class=\"facility-card__title\"><a class=\"facility-card__link\" href=\"https:\/\/ginys.cerca.cat\/es\/facility\/inventari-documentacio-catalogacio-de-bens-patrimonials\/\">Inventario \/ Documentaci\u00f3n \/ Catalogaci\u00f3n de bienes patrimoniales<\/a><\/h2>\r\n                        <div class=\"facility_logo-list\"><img decoding=\"async\" class=\"facility-list-img\" src=\"https:\/\/ginys.cerca.cat\/wp-content\/uploads\/2023\/10\/ICRPC_logo.jpg\" height=\"70\"><\/div>\r\n                        <h3 class=\"facility-card__centre-title\">ICRPC - Institut Catal\u00e0 de Recerca en Patrimoni Cultural<\/h3>\r\n                    <\/div>\r\n                <\/div><div class=\"facility-card col-12 col-sm-6 col-lg-3\">\r\n                    <div class=\"facility-card__content\">\r\n                        <h2 class=\"facility-card__title\"><a class=\"facility-card__link\" href=\"https:\/\/ginys.cerca.cat\/es\/facility\/genomica-3\/\">Gen\u00f3mica<\/a><\/h2>\r\n                        <div class=\"facility_logo-list\"><img decoding=\"async\" class=\"facility-list-img\" src=\"https:\/\/ginys.cerca.cat\/wp-content\/uploads\/2022\/05\/logo-ijc.jpg\" height=\"70\"><\/div>\r\n                        <h3 class=\"facility-card__centre-title\">IJC - Institut de Recerca Contra la Leuc\u00e8mia Josep Carreras<\/h3>\r\n                    <\/div>\r\n                <\/div><\/div><div class=\"pagination\"><ul class='page-numbers'>\n\t<li><span aria-current=\"page\" class=\"page-numbers current\">1<\/span><\/li>\n\t<li><a class=\"page-numbers\" href=\"https:\/\/ginys.cerca.cat\/es\/wp-json\/wp\/v2\/pages\/715\/page\/2\">2<\/a><\/li>\n\t<li><a class=\"page-numbers\" href=\"https:\/\/ginys.cerca.cat\/es\/wp-json\/wp\/v2\/pages\/715\/page\/3\">3<\/a><\/li>\n\t<li><span class=\"page-numbers dots\">&hellip;<\/span><\/li>\n\t<li><a class=\"page-numbers\" href=\"https:\/\/ginys.cerca.cat\/es\/wp-json\/wp\/v2\/pages\/715\/page\/19\">19<\/a><\/li>\n\t<li><a class=\"next page-numbers\" href=\"https:\/\/ginys.cerca.cat\/es\/wp-json\/wp\/v2\/pages\/715\/page\/2\">sig \u00bb<\/a><\/li>\n<\/ul>\n<\/div>\n","protected":false},"excerpt":{"rendered":"","protected":false},"author":1,"featured_media":0,"parent":0,"menu_order":0,"comment_status":"closed","ping_status":"closed","template":"","meta":{"_acf_changed":false,"footnotes":""},"class_list":["post-715","page","type-page","status-publish","hentry"],"acf":[],"_links":{"self":[{"href":"https:\/\/ginys.cerca.cat\/es\/wp-json\/wp\/v2\/pages\/715","targetHints":{"allow":["GET"]}}],"collection":[{"href":"https:\/\/ginys.cerca.cat\/es\/wp-json\/wp\/v2\/pages"}],"about":[{"href":"https:\/\/ginys.cerca.cat\/es\/wp-json\/wp\/v2\/types\/page"}],"author":[{"embeddable":true,"href":"https:\/\/ginys.cerca.cat\/es\/wp-json\/wp\/v2\/users\/1"}],"replies":[{"embeddable":true,"href":"https:\/\/ginys.cerca.cat\/es\/wp-json\/wp\/v2\/comments?post=715"}],"version-history":[{"count":1,"href":"https:\/\/ginys.cerca.cat\/es\/wp-json\/wp\/v2\/pages\/715\/revisions"}],"predecessor-version":[{"id":726,"href":"https:\/\/ginys.cerca.cat\/es\/wp-json\/wp\/v2\/pages\/715\/revisions\/726"}],"wp:attachment":[{"href":"https:\/\/ginys.cerca.cat\/es\/wp-json\/wp\/v2\/media?parent=715"}],"curies":[{"name":"wp","href":"https:\/\/api.w.org\/{rel}","templated":true}]}}